{"id":232,"date":"2016-08-16T13:53:57","date_gmt":"2016-08-16T11:53:57","guid":{"rendered":"http:\/\/www.isoe.org\/?page_id=232"},"modified":"2018-05-24T22:56:27","modified_gmt":"2018-05-24T20:56:27","slug":"newsletter","status":"publish","type":"page","link":"https:\/\/www.isoe.org\/en\/aktuelles\/newsletter\/","title":{"rendered":"Newsletter"},"content":{"rendered":"<p>Das IS\u00d6 versendet in unregelm\u00e4\u00dfigen Abst\u00e4nden einen Newsletter.<br \/>\nGerne k\u00f6nnen Sie sich hier anmelden.<\/p>\n<p><em>Eine Abmeldung ist jederzeit wieder m\u00f6glich.<\/em><\/p>\n<p><!-- [mc4wp_form id=\"260\"] --><\/p>\n<p><a href=\"http:\/\/eepurl.com\/cV-_PH\" target=\"_blank\" class=\"btn btn-default\">Zum Anmeldeformular<\/a><\/p>\n\t<h3>Newsletterachiv<\/h3>\n\t<style type=\"text\/css\">\n    <!--\n    .display_archive {font-family: arial,verdana; font-size: 12px;}\n    .campaign {line-height: 125%; margin: 5px;}\n    \/\/-->\n    <\/style>\n    <script language=\"javascript\" src=\"\/\/isoe.us13.list-manage.com\/generate-js\/?u=701311e5fd3c786a4aea9032f&fid=4405&show=10\" type=\"text\/javascript\"><\/script>\n\t<hr>\n\t\n","protected":false},"excerpt":{"rendered":"<p>Das IS\u00d6 versendet in unregelm\u00e4\u00dfigen Abst\u00e4nden einen Newsletter. Gerne k\u00f6nnen Sie sich hier anmelden. Eine Abmeldung ist jederzeit wieder m\u00f6glich. Zum Anmeldeformular<\/p>\n","protected":false},"author":1,"featured_media":0,"parent":209,"menu_order":20,"comment_status":"closed","ping_status":"closed","template":"","meta":{"_acf_changed":false,"footnotes":""},"class_list":["post-232","page","type-page","status-publish","hentry"],"acf":[],"_links":{"self":[{"href":"https:\/\/www.isoe.org\/en\/wp-json\/wp\/v2\/pages\/232"}],"collection":[{"href":"https:\/\/www.isoe.org\/en\/wp-json\/wp\/v2\/pages"}],"about":[{"href":"https:\/\/www.isoe.org\/en\/wp-json\/wp\/v2\/types\/page"}],"author":[{"embeddable":true,"href":"https:\/\/www.isoe.org\/en\/wp-json\/wp\/v2\/users\/1"}],"replies":[{"embeddable":true,"href":"https:\/\/www.isoe.org\/en\/wp-json\/wp\/v2\/comments?post=232"}],"version-history":[{"count":8,"href":"https:\/\/www.isoe.org\/en\/wp-json\/wp\/v2\/pages\/232\/revisions"}],"predecessor-version":[{"id":1307,"href":"https:\/\/www.isoe.org\/en\/wp-json\/wp\/v2\/pages\/232\/revisions\/1307"}],"up":[{"embeddable":true,"href":"https:\/\/www.isoe.org\/en\/wp-json\/wp\/v2\/pages\/209"}],"wp:attachment":[{"href":"https:\/\/www.isoe.org\/en\/wp-json\/wp\/v2\/media?parent=232"}],"curies":[{"name":"wp","href":"https:\/\/api.w.org\/{rel}","templated":true}]}}