{"id":43,"date":"2016-07-01T15:01:02","date_gmt":"2016-07-01T13:01:02","guid":{"rendered":"http:\/\/s632729971.online.de\/isoe.org\/?page_id=43"},"modified":"2024-11-28T19:48:06","modified_gmt":"2024-11-28T18:48:06","slug":"traegerverein","status":"publish","type":"page","link":"https:\/\/www.isoe.org\/en\/institut\/traegerverein\/","title":{"rendered":"The governing body"},"content":{"rendered":"<p><\/p>\n<h2>Society and Friends<\/h2>\n<p>Since the founding in 1987, the IS\u00d6 &#8211; Institute for Social Ecology has been a non-profit organization \u2018Social Ecological Society\u2019 (German: &#8220;Sozial\u00f6kologische Gesellschaft\u201d). Association for the Promotion of Socio-Ecological Research and Education&#8221; (short form:&#8221; Sozial\u00f6kologische Gesellschaft e.V. &#8220;). The Board of Management consists of Prof. Dr. Michael Opielka (Managing Director), PD Dr. Wolfgang Strengmann-Kuhn and Dr. Michaela Schwarzbach. Since October 2016 the &#8220;IS\u00d6 &#8211; Institut f\u00fcr Sozial\u00f6kologie gemeinn\u00fctzige GmbH&#8221; took over the sponsorship of the Institute. The partners of the GmbH are Prof. Dr. Michael Opielka and the association &#8220;Sozial\u00f6kologische Gesellschaft e.V.&#8221;<\/p>\n<h2>Membership<\/h2>\n<p>If you would like to support the aims of the IS\u00d6 &#8211; Institute for Social Ecology and the Social Ecological Society, we are looking forward to a request for regular or sponsoring membership. Please write to the office at <a href=\"mailto:info@isoe.org\">info@isoe.org<\/a>.<\/p>\n<p><a href=\"..\/..\/wp-content\/uploads\/Satzung-SOEG-v.-29.11.2010.pdf\">Hier finden Sie die Satzung des Tr\u00e4gervereins zum Download.<\/a><\/p>\n<h2>Donations and Legacies<\/h2>\n<p>The association of the IS\u00d6 &#8211; Institute for Social Ecology, the Social Ecological Society, as well as the IS\u00d6 as a non-profit organization for the promotion of research is recognized and can receive donations and legacies<\/p>\n<h2>Activity Reports<\/h2>\n<p>The activity reports are sent to the members of the sponsoring association.<\/p>","protected":false},"excerpt":{"rendered":"<p>Society and Friends Since the founding in 1987, the IS\u00d6 &#8211; Institute for Social Ecology has been a non-profit organization \u2018Social Ecological Society\u2019 (German: &#8220;Sozial\u00f6kologische Gesellschaft\u201d). Association for the Promotion of Socio-Ecological Research and Education&#8221; (short form:&#8221; Sozial\u00f6kologische Gesellschaft e.V. &#8220;). The Board of Management consists of Prof. Dr. Michael Opielka (Managing Director), PD Dr. [&hellip;]<\/p>\n","protected":false},"author":1,"featured_media":0,"parent":33,"menu_order":50,"comment_status":"closed","ping_status":"closed","template":"","meta":{"_acf_changed":false,"footnotes":""},"class_list":["post-43","page","type-page","status-publish","hentry"],"acf":[],"_links":{"self":[{"href":"https:\/\/www.isoe.org\/en\/wp-json\/wp\/v2\/pages\/43"}],"collection":[{"href":"https:\/\/www.isoe.org\/en\/wp-json\/wp\/v2\/pages"}],"about":[{"href":"https:\/\/www.isoe.org\/en\/wp-json\/wp\/v2\/types\/page"}],"author":[{"embeddable":true,"href":"https:\/\/www.isoe.org\/en\/wp-json\/wp\/v2\/users\/1"}],"replies":[{"embeddable":true,"href":"https:\/\/www.isoe.org\/en\/wp-json\/wp\/v2\/comments?post=43"}],"version-history":[{"count":21,"href":"https:\/\/www.isoe.org\/en\/wp-json\/wp\/v2\/pages\/43\/revisions"}],"predecessor-version":[{"id":3535,"href":"https:\/\/www.isoe.org\/en\/wp-json\/wp\/v2\/pages\/43\/revisions\/3535"}],"up":[{"embeddable":true,"href":"https:\/\/www.isoe.org\/en\/wp-json\/wp\/v2\/pages\/33"}],"wp:attachment":[{"href":"https:\/\/www.isoe.org\/en\/wp-json\/wp\/v2\/media?parent=43"}],"curies":[{"name":"wp","href":"https:\/\/api.w.org\/{rel}","templated":true}]}}