{"id":45,"date":"2016-07-01T15:01:23","date_gmt":"2016-07-01T13:01:23","guid":{"rendered":"http:\/\/s632729971.online.de\/isoe.org\/?page_id=45"},"modified":"2019-07-23T18:42:15","modified_gmt":"2019-07-23T16:42:15","slug":"netzwerke","status":"publish","type":"page","link":"https:\/\/www.isoe.org\/en\/institut\/netzwerke\/","title":{"rendered":"Networks"},"content":{"rendered":"<p><\/p>\n<h2>ASI &#8211; Arbeitsgemeinschaft Sozialwissenschaftlicher Institute<\/h2>\n<p>The IS\u00d6 &#8211; Institute for Social Ecology is a member of the ASI &#8211; Arbeitsgemeinschaft Sozialwissenschaftlicher Institute: <a href=\"http:\/\/www.asi-ev.org\/\" target=\"_blank\" rel=\"noopener noreferrer\">http:\/\/www.asi-ev.org\/<\/a><\/p>\n<p>&nbsp;<\/p>\n<h2><strong>Deutscher Verein f\u00fcr \u00f6ffentliche und private F\u00fcrsorge<\/strong><\/h2>\n<p>The IS\u00d6 &#8211; Institute for Social Ecology is a member of the German Association for Public and Private Care e.V.:\u00a0<a href=\"https:\/\/www.deutscher-verein.de\/de\/\">https:\/\/www.deutscher-verein.de\/de\/<\/a> <a href=\"https:\/\/www.deutscher-verein.de\/de\/wir-ueber-uns-unsere-mitglieder-1185.html?buchstabe=I\">https:\/\/www.deutscher-verein.de\/de\/wir-ueber-uns-unsere-mitglieder-1185.html?buchstabe=I<\/a><\/p>\n<p>&nbsp;<\/p>\n<h2>Cooperative research facilities<\/h2>\n<p>The IS\u00d6 &#8211; Institute for Social Ecology cooperates, partly through contractual agreements, with the following research facilities:<\/p>\n<p><strong>IASS &#8211; Institut f\u00fcr Advanced Sustainability Studies e.V.<\/strong> in Potsdam <a href=\"http:\/\/www.iass-potsdam.de\/de\/institute-advanced-sustainability-studies\">http:\/\/www.iass-potsdam.de\/de\/institute-advanced-sustainability-studies<\/a><\/p>\n<p><strong>Ernst-Abbe-Hochschule Jena, Fachbereich Sozialwesen <\/strong><a href=\"http:\/\/www.sw.eah-jena.de\/\">http:\/\/www.sw.eah-jena.de\/<\/a><\/p>\n<p><strong>INSA-Stiftung gGmbH\u00a0&#8211; Institut f\u00fcr neue soziale Antworten<\/strong> in Erfurt <a href=\"http:\/\/www.insa-online.de\">http:\/\/www.insa-online.de<\/a><\/p>\n<p><strong>IWIS e.V. &#8211; Institut f\u00fcr Weiterbildung, Beratung und Planung im Sozialen Bereich <\/strong>in Jena <a href=\"http:\/\/www.iwis-jena.de\/\">http:\/\/www.iwis-jena.de\/<\/a><\/p>","protected":false},"excerpt":{"rendered":"<p>ASI &#8211; Arbeitsgemeinschaft Sozialwissenschaftlicher Institute The IS\u00d6 &#8211; Institute for Social Ecology is a member of the ASI &#8211; Arbeitsgemeinschaft Sozialwissenschaftlicher Institute: http:\/\/www.asi-ev.org\/ &nbsp; Deutscher Verein f\u00fcr \u00f6ffentliche und private F\u00fcrsorge The IS\u00d6 &#8211; Institute for Social Ecology is a member of the German Association for Public and Private Care e.V.:\u00a0https:\/\/www.deutscher-verein.de\/de\/ https:\/\/www.deutscher-verein.de\/de\/wir-ueber-uns-unsere-mitglieder-1185.html?buchstabe=I &nbsp; Cooperative research [&hellip;]<\/p>\n","protected":false},"author":1,"featured_media":0,"parent":33,"menu_order":60,"comment_status":"closed","ping_status":"closed","template":"","meta":{"_acf_changed":false,"footnotes":""},"class_list":["post-45","page","type-page","status-publish","hentry"],"acf":[],"_links":{"self":[{"href":"https:\/\/www.isoe.org\/en\/wp-json\/wp\/v2\/pages\/45"}],"collection":[{"href":"https:\/\/www.isoe.org\/en\/wp-json\/wp\/v2\/pages"}],"about":[{"href":"https:\/\/www.isoe.org\/en\/wp-json\/wp\/v2\/types\/page"}],"author":[{"embeddable":true,"href":"https:\/\/www.isoe.org\/en\/wp-json\/wp\/v2\/users\/1"}],"replies":[{"embeddable":true,"href":"https:\/\/www.isoe.org\/en\/wp-json\/wp\/v2\/comments?post=45"}],"version-history":[{"count":14,"href":"https:\/\/www.isoe.org\/en\/wp-json\/wp\/v2\/pages\/45\/revisions"}],"predecessor-version":[{"id":2100,"href":"https:\/\/www.isoe.org\/en\/wp-json\/wp\/v2\/pages\/45\/revisions\/2100"}],"up":[{"embeddable":true,"href":"https:\/\/www.isoe.org\/en\/wp-json\/wp\/v2\/pages\/33"}],"wp:attachment":[{"href":"https:\/\/www.isoe.org\/en\/wp-json\/wp\/v2\/media?parent=45"}],"curies":[{"name":"wp","href":"https:\/\/api.w.org\/{rel}","templated":true}]}}