{"id":71,"date":"2016-07-01T15:11:48","date_gmt":"2016-07-01T13:11:48","guid":{"rendered":"http:\/\/s632729971.online.de\/isoe.org\/?page_id=71"},"modified":"2017-06-12T15:05:25","modified_gmt":"2017-06-12T13:05:25","slug":"kontakt","status":"publish","type":"page","link":"https:\/\/www.isoe.org\/en\/kontakt\/","title":{"rendered":"Contact"},"content":{"rendered":"<p>IS\u00d6 &#8211; Institut f\u00fcr Sozial\u00f6kologie<br \/>\nProf. Dr. habil. Michael Opielka<\/p>\n<p>Ringstr. 8<br \/>\n53721 Siegburg, Germany<\/p>\n<p>Fon +49-2241-1457073<br \/>\nFax +49-2241-1457039<\/p>\n<p><a href=\"mailto:info@isoe.org\">info@isoe.org<\/a><br \/>\n<a href=\"https:\/\/www.isoe.org\">www.isoe.org<\/a><\/p>","protected":false},"excerpt":{"rendered":"<p>IS\u00d6 &#8211; Institut f\u00fcr Sozial\u00f6kologie Prof. Dr. habil. Michael Opielka Ringstr. 8 53721 Siegburg, Germany Fon +49-2241-1457073 Fax +49-2241-1457039 info@isoe.org www.isoe.org<\/p>\n","protected":false},"author":1,"featured_media":0,"parent":0,"menu_order":50,"comment_status":"closed","ping_status":"closed","template":"","meta":{"_acf_changed":false,"footnotes":""},"class_list":["post-71","page","type-page","status-publish","hentry"],"acf":[],"_links":{"self":[{"href":"https:\/\/www.isoe.org\/en\/wp-json\/wp\/v2\/pages\/71"}],"collection":[{"href":"https:\/\/www.isoe.org\/en\/wp-json\/wp\/v2\/pages"}],"about":[{"href":"https:\/\/www.isoe.org\/en\/wp-json\/wp\/v2\/types\/page"}],"author":[{"embeddable":true,"href":"https:\/\/www.isoe.org\/en\/wp-json\/wp\/v2\/users\/1"}],"replies":[{"embeddable":true,"href":"https:\/\/www.isoe.org\/en\/wp-json\/wp\/v2\/comments?post=71"}],"version-history":[{"count":8,"href":"https:\/\/www.isoe.org\/en\/wp-json\/wp\/v2\/pages\/71\/revisions"}],"predecessor-version":[{"id":735,"href":"https:\/\/www.isoe.org\/en\/wp-json\/wp\/v2\/pages\/71\/revisions\/735"}],"wp:attachment":[{"href":"https:\/\/www.isoe.org\/en\/wp-json\/wp\/v2\/media?parent=71"}],"curies":[{"name":"wp","href":"https:\/\/api.w.org\/{rel}","templated":true}]}}