{"id":73,"date":"2016-07-01T15:12:02","date_gmt":"2016-07-01T13:12:02","guid":{"rendered":"http:\/\/s632729971.online.de\/isoe.org\/?page_id=73"},"modified":"2016-11-23T22:15:49","modified_gmt":"2016-11-23T21:15:49","slug":"impressum","status":"publish","type":"page","link":"https:\/\/www.isoe.org\/en\/impressum\/","title":{"rendered":"Imprint"},"content":{"rendered":"<p><strong>Operator of this page:<\/strong><\/p>\n<p>IS\u00d6 &#8211; Institut f\u00fcr Sozial\u00f6kologie<br \/>\nProf. Dr. habil. Michael Opielka<\/p>\n<p>Ringstr. 8<br \/>\n53721 Siegburg, Germany<\/p>\n<p>Fon +49-2241-1457073<br \/>\nFax +49-2241-1457039<\/p>\n<p><a href=\"mailto:info@isoe.org\">info@isoe.org<\/a><br \/>\n<a href=\"https:\/\/www.isoe.org\">www.isoe.org<\/a><\/p>","protected":false},"excerpt":{"rendered":"<p>Operator of this page: IS\u00d6 &#8211; Institut f\u00fcr Sozial\u00f6kologie Prof. Dr. habil. Michael Opielka Ringstr. 8 53721 Siegburg, Germany Fon +49-2241-1457073 Fax +49-2241-1457039 info@isoe.org www.isoe.org<\/p>\n","protected":false},"author":1,"featured_media":0,"parent":0,"menu_order":98,"comment_status":"closed","ping_status":"closed","template":"","meta":{"_acf_changed":false,"footnotes":""},"class_list":["post-73","page","type-page","status-publish","hentry"],"acf":[],"_links":{"self":[{"href":"https:\/\/www.isoe.org\/en\/wp-json\/wp\/v2\/pages\/73"}],"collection":[{"href":"https:\/\/www.isoe.org\/en\/wp-json\/wp\/v2\/pages"}],"about":[{"href":"https:\/\/www.isoe.org\/en\/wp-json\/wp\/v2\/types\/page"}],"author":[{"embeddable":true,"href":"https:\/\/www.isoe.org\/en\/wp-json\/wp\/v2\/users\/1"}],"replies":[{"embeddable":true,"href":"https:\/\/www.isoe.org\/en\/wp-json\/wp\/v2\/comments?post=73"}],"version-history":[{"count":6,"href":"https:\/\/www.isoe.org\/en\/wp-json\/wp\/v2\/pages\/73\/revisions"}],"predecessor-version":[{"id":377,"href":"https:\/\/www.isoe.org\/en\/wp-json\/wp\/v2\/pages\/73\/revisions\/377"}],"wp:attachment":[{"href":"https:\/\/www.isoe.org\/en\/wp-json\/wp\/v2\/media?parent=73"}],"curies":[{"name":"wp","href":"https:\/\/api.w.org\/{rel}","templated":true}]}}